{"id":7,"date":"2020-11-03T11:36:42","date_gmt":"2020-11-03T10:36:42","guid":{"rendered":"https:\/\/n20.nestec.de\/?page_id=7"},"modified":"2024-10-13T17:36:13","modified_gmt":"2024-10-13T15:36:13","slug":"nestec-experten-fuer-webentwicklung-online-marketing-seo","status":"publish","type":"page","link":"https:\/\/n20.nestec.de\/","title":{"rendered":"\u00dcber uns"},"content":{"rendered":"\n<p>M\u00f6glicherweise bist du k\u00fcnstlerisch t\u00e4tig und m\u00f6chtest dich und deine Arbeiten hier vorstellen. Oder hast du vielleicht ein Business mit einer Mission, die es zu beschreiben gilt?<\/p>\n","protected":false},"excerpt":{"rendered":"<p>M\u00f6glicherweise bist du k\u00fcnstlerisch t\u00e4tig und m\u00f6chtest dich und deine Arbeiten hier vorstellen. Oder hast du vielleicht ein Business mit einer Mission, die es zu beschreiben gilt?<\/p>\n","protected":false},"author":1,"featured_media":0,"parent":0,"menu_order":0,"comment_status":"closed","ping_status":"closed","template":"","meta":{"footnotes":""},"class_list":["post-7","page","type-page","status-publish","hentry"],"yoast_head":"<!-- This site is optimized with the Yoast SEO plugin v23.7 - https:\/\/yoast.com\/wordpress\/plugins\/seo\/ -->\n<title>Nestec - Experten f\u00fcr Webentwicklung, Online-Marketing &amp; SEO<\/title>\n<meta name=\"description\" content=\"Nestec bietet ma\u00dfgeschneiderte L\u00f6sungen in Webentwicklung, Online-Marketing und SEO. Unsere Strategien helfen Ihnen, Ihre digitale Pr\u00e4senz zu verbessern, mehr Kunden zu erreichen und Ihr Unternehmen erfolgreich zu machen.\" \/>\n<meta name=\"robots\" content=\"index, follow, max-snippet:-1, max-image-preview:large, max-video-preview:-1\" \/>\n<link rel=\"canonical\" href=\"https:\/\/n20.nestec.de\/\" \/>\n<meta property=\"og:locale\" content=\"de_DE\" \/>\n<meta property=\"og:type\" content=\"article\" \/>\n<meta property=\"og:title\" content=\"Nestec - Experten f\u00fcr Webentwicklung, Online-Marketing &amp; SEO\" \/>\n<meta property=\"og:description\" content=\"Nestec bietet ma\u00dfgeschneiderte L\u00f6sungen in Webentwicklung, Online-Marketing und SEO. Unsere Strategien helfen Ihnen, Ihre digitale Pr\u00e4senz zu verbessern, mehr Kunden zu erreichen und Ihr Unternehmen erfolgreich zu machen.\" \/>\n<meta property=\"og:url\" content=\"https:\/\/n20.nestec.de\/\" \/>\n<meta property=\"og:site_name\" content=\"Internetagentur, Webentwicklung, Online-Marketing, E-Commerce\" \/>\n<meta property=\"article:modified_time\" content=\"2024-10-13T15:36:13+00:00\" \/>\n<meta name=\"twitter:card\" content=\"summary_large_image\" \/>\n<meta name=\"twitter:label1\" content=\"Gesch\u00e4tzte Lesezeit\" \/>\n\t<meta name=\"twitter:data1\" content=\"1\u00a0Minute\" \/>\n<script type=\"application\/ld+json\" class=\"yoast-schema-graph\">{\"@context\":\"https:\/\/schema.org\",\"@graph\":[{\"@type\":\"WebPage\",\"@id\":\"https:\/\/n20.nestec.de\/\",\"url\":\"https:\/\/n20.nestec.de\/\",\"name\":\"Nestec - Experten f\u00fcr Webentwicklung, Online-Marketing & SEO\",\"isPartOf\":{\"@id\":\"https:\/\/n20.nestec.de\/#website\"},\"datePublished\":\"2020-11-03T10:36:42+00:00\",\"dateModified\":\"2024-10-13T15:36:13+00:00\",\"description\":\"Nestec bietet ma\u00dfgeschneiderte L\u00f6sungen in Webentwicklung, Online-Marketing und SEO. Unsere Strategien helfen Ihnen, Ihre digitale Pr\u00e4senz zu verbessern, mehr Kunden zu erreichen und Ihr Unternehmen erfolgreich zu machen.\",\"breadcrumb\":{\"@id\":\"https:\/\/n20.nestec.de\/#breadcrumb\"},\"inLanguage\":\"de\",\"potentialAction\":[{\"@type\":\"ReadAction\",\"target\":[\"https:\/\/n20.nestec.de\/\"]}]},{\"@type\":\"BreadcrumbList\",\"@id\":\"https:\/\/n20.nestec.de\/#breadcrumb\",\"itemListElement\":[{\"@type\":\"ListItem\",\"position\":1,\"name\":\"Startseite\",\"item\":\"https:\/\/n20.nestec.de\/\"},{\"@type\":\"ListItem\",\"position\":2,\"name\":\"\u00dcber uns\"}]},{\"@type\":\"WebSite\",\"@id\":\"https:\/\/n20.nestec.de\/#website\",\"url\":\"https:\/\/n20.nestec.de\/\",\"name\":\"Internetagentur, Webentwicklung, Online-Marketing, E-Commerce\",\"description\":\"\",\"publisher\":{\"@id\":\"https:\/\/n20.nestec.de\/#organization\"},\"potentialAction\":[{\"@type\":\"SearchAction\",\"target\":{\"@type\":\"EntryPoint\",\"urlTemplate\":\"https:\/\/n20.nestec.de\/?s={search_term_string}\"},\"query-input\":{\"@type\":\"PropertyValueSpecification\",\"valueRequired\":true,\"valueName\":\"search_term_string\"}}],\"inLanguage\":\"de\"},{\"@type\":\"Organization\",\"@id\":\"https:\/\/n20.nestec.de\/#organization\",\"name\":\"Internetagentur, Webentwicklung, Online-Marketing, E-Commerce\",\"url\":\"https:\/\/n20.nestec.de\/\",\"logo\":{\"@type\":\"ImageObject\",\"inLanguage\":\"de\",\"@id\":\"https:\/\/n20.nestec.de\/#\/schema\/logo\/image\/\",\"url\":\"https:\/\/n20.nestec.de\/wp-content\/uploads\/2020\/11\/cropped-Logo-Internetagentur-Nestec-n-1.png\",\"contentUrl\":\"https:\/\/n20.nestec.de\/wp-content\/uploads\/2020\/11\/cropped-Logo-Internetagentur-Nestec-n-1.png\",\"width\":1134,\"height\":850,\"caption\":\"Internetagentur, Webentwicklung, Online-Marketing, E-Commerce\"},\"image\":{\"@id\":\"https:\/\/n20.nestec.de\/#\/schema\/logo\/image\/\"}}]}<\/script>\n<!-- \/ Yoast SEO plugin. -->","yoast_head_json":{"title":"Nestec - Experten f\u00fcr Webentwicklung, Online-Marketing & SEO","description":"Nestec bietet ma\u00dfgeschneiderte L\u00f6sungen in Webentwicklung, Online-Marketing und SEO. Unsere Strategien helfen Ihnen, Ihre digitale Pr\u00e4senz zu verbessern, mehr Kunden zu erreichen und Ihr Unternehmen erfolgreich zu machen.","robots":{"index":"index","follow":"follow","max-snippet":"max-snippet:-1","max-image-preview":"max-image-preview:large","max-video-preview":"max-video-preview:-1"},"canonical":"https:\/\/n20.nestec.de\/","og_locale":"de_DE","og_type":"article","og_title":"Nestec - Experten f\u00fcr Webentwicklung, Online-Marketing & SEO","og_description":"Nestec bietet ma\u00dfgeschneiderte L\u00f6sungen in Webentwicklung, Online-Marketing und SEO. Unsere Strategien helfen Ihnen, Ihre digitale Pr\u00e4senz zu verbessern, mehr Kunden zu erreichen und Ihr Unternehmen erfolgreich zu machen.","og_url":"https:\/\/n20.nestec.de\/","og_site_name":"Internetagentur, Webentwicklung, Online-Marketing, E-Commerce","article_modified_time":"2024-10-13T15:36:13+00:00","twitter_card":"summary_large_image","twitter_misc":{"Gesch\u00e4tzte Lesezeit":"1\u00a0Minute"},"schema":{"@context":"https:\/\/schema.org","@graph":[{"@type":"WebPage","@id":"https:\/\/n20.nestec.de\/","url":"https:\/\/n20.nestec.de\/","name":"Nestec - Experten f\u00fcr Webentwicklung, Online-Marketing & SEO","isPartOf":{"@id":"https:\/\/n20.nestec.de\/#website"},"datePublished":"2020-11-03T10:36:42+00:00","dateModified":"2024-10-13T15:36:13+00:00","description":"Nestec bietet ma\u00dfgeschneiderte L\u00f6sungen in Webentwicklung, Online-Marketing und SEO. Unsere Strategien helfen Ihnen, Ihre digitale Pr\u00e4senz zu verbessern, mehr Kunden zu erreichen und Ihr Unternehmen erfolgreich zu machen.","breadcrumb":{"@id":"https:\/\/n20.nestec.de\/#breadcrumb"},"inLanguage":"de","potentialAction":[{"@type":"ReadAction","target":["https:\/\/n20.nestec.de\/"]}]},{"@type":"BreadcrumbList","@id":"https:\/\/n20.nestec.de\/#breadcrumb","itemListElement":[{"@type":"ListItem","position":1,"name":"Startseite","item":"https:\/\/n20.nestec.de\/"},{"@type":"ListItem","position":2,"name":"\u00dcber uns"}]},{"@type":"WebSite","@id":"https:\/\/n20.nestec.de\/#website","url":"https:\/\/n20.nestec.de\/","name":"Internetagentur, Webentwicklung, Online-Marketing, E-Commerce","description":"","publisher":{"@id":"https:\/\/n20.nestec.de\/#organization"},"potentialAction":[{"@type":"SearchAction","target":{"@type":"EntryPoint","urlTemplate":"https:\/\/n20.nestec.de\/?s={search_term_string}"},"query-input":{"@type":"PropertyValueSpecification","valueRequired":true,"valueName":"search_term_string"}}],"inLanguage":"de"},{"@type":"Organization","@id":"https:\/\/n20.nestec.de\/#organization","name":"Internetagentur, Webentwicklung, Online-Marketing, E-Commerce","url":"https:\/\/n20.nestec.de\/","logo":{"@type":"ImageObject","inLanguage":"de","@id":"https:\/\/n20.nestec.de\/#\/schema\/logo\/image\/","url":"https:\/\/n20.nestec.de\/wp-content\/uploads\/2020\/11\/cropped-Logo-Internetagentur-Nestec-n-1.png","contentUrl":"https:\/\/n20.nestec.de\/wp-content\/uploads\/2020\/11\/cropped-Logo-Internetagentur-Nestec-n-1.png","width":1134,"height":850,"caption":"Internetagentur, Webentwicklung, Online-Marketing, E-Commerce"},"image":{"@id":"https:\/\/n20.nestec.de\/#\/schema\/logo\/image\/"}}]}},"_links":{"self":[{"href":"https:\/\/n20.nestec.de\/index.php?rest_route=\/wp\/v2\/pages\/7"}],"collection":[{"href":"https:\/\/n20.nestec.de\/index.php?rest_route=\/wp\/v2\/pages"}],"about":[{"href":"https:\/\/n20.nestec.de\/index.php?rest_route=\/wp\/v2\/types\/page"}],"author":[{"embeddable":true,"href":"https:\/\/n20.nestec.de\/index.php?rest_route=\/wp\/v2\/users\/1"}],"replies":[{"embeddable":true,"href":"https:\/\/n20.nestec.de\/index.php?rest_route=%2Fwp%2Fv2%2Fcomments&post=7"}],"version-history":[{"count":1,"href":"https:\/\/n20.nestec.de\/index.php?rest_route=\/wp\/v2\/pages\/7\/revisions"}],"predecessor-version":[{"id":12,"href":"https:\/\/n20.nestec.de\/index.php?rest_route=\/wp\/v2\/pages\/7\/revisions\/12"}],"wp:attachment":[{"href":"https:\/\/n20.nestec.de\/index.php?rest_route=%2Fwp%2Fv2%2Fmedia&parent=7"}],"curies":[{"name":"wp","href":"https:\/\/api.w.org\/{rel}","templated":true}]}}