{"id":846,"date":"2024-10-04T05:08:14","date_gmt":"2024-10-04T03:08:14","guid":{"rendered":"https:\/\/n20.nestec.de\/?page_id=846"},"modified":"2025-11-01T15:39:37","modified_gmt":"2025-11-01T14:39:37","slug":"beratung-workshop-individuelle-loesungen-fuer-webentwicklung-marketing","status":"publish","type":"page","link":"https:\/\/n20.nestec.de\/?page_id=846","title":{"rendered":"Beratung Workshop"},"content":{"rendered":"\t\t<div data-elementor-type=\"wp-page\" data-elementor-id=\"846\" class=\"elementor elementor-846\" data-elementor-post-type=\"page\">\n\t\t\t\t\t\t<section class=\"elementor-section elementor-top-section elementor-element elementor-element-36df3e43 elementor-section-full_width elementor-section-content-middle elementor-section-stretched elementor-section-height-default elementor-section-height-default\" data-id=\"36df3e43\" data-element_type=\"section\" data-e-type=\"section\" data-settings=\"{&quot;stretch_section&quot;:&quot;section-stretched&quot;}\">\n\t\t\t\t\t\t<div class=\"elementor-container elementor-column-gap-no\">\n\t\t\t\t\t<div class=\"elementor-column elementor-col-33 elementor-top-column elementor-element elementor-element-552dd715\" data-id=\"552dd715\" data-element_type=\"column\" data-e-type=\"column\">\n\t\t\t<div class=\"elementor-widget-wrap elementor-element-populated\">\n\t\t\t\t\t\t<div class=\"elementor-element elementor-element-3916bbe6 elementor-widget elementor-widget-text-editor\" data-id=\"3916bbe6\" data-element_type=\"widget\" data-e-type=\"widget\" data-widget_type=\"text-editor.default\">\n\t\t\t\t<div class=\"elementor-widget-container\">\n\t\t\t\t\t\t\t\t\t<p><strong>Workshop<\/strong><\/p>\t\t\t\t\t\t\t\t<\/div>\n\t\t\t\t<\/div>\n\t\t\t\t<div class=\"elementor-element elementor-element-2861bf55 elementor-widget elementor-widget-heading\" data-id=\"2861bf55\" data-element_type=\"widget\" data-e-type=\"widget\" data-widget_type=\"heading.default\">\n\t\t\t\t<div class=\"elementor-widget-container\">\n\t\t\t\t\t<p class=\"elementor-heading-title elementor-size-default\">Beratung<\/p>\t\t\t\t<\/div>\n\t\t\t\t<\/div>\n\t\t\t\t<div class=\"elementor-element elementor-element-3bad3ac elementor-widget-divider--view-line elementor-widget elementor-widget-divider\" data-id=\"3bad3ac\" data-element_type=\"widget\" data-e-type=\"widget\" data-widget_type=\"divider.default\">\n\t\t\t\t<div class=\"elementor-widget-container\">\n\t\t\t\t\t\t\t<div class=\"elementor-divider\">\n\t\t\t<span class=\"elementor-divider-separator\">\n\t\t\t\t\t\t<\/span>\n\t\t<\/div>\n\t\t\t\t\t\t<\/div>\n\t\t\t\t<\/div>\n\t\t\t\t\t<\/div>\n\t\t<\/div>\n\t\t\t\t<div class=\"elementor-column elementor-col-33 elementor-top-column elementor-element elementor-element-ec4ac4c\" data-id=\"ec4ac4c\" data-element_type=\"column\" data-e-type=\"column\">\n\t\t\t<div class=\"elementor-widget-wrap elementor-element-populated\">\n\t\t\t\t\t\t<div class=\"elementor-element elementor-element-7fddb79a elementor-widget__width-inherit elementor-widget elementor-widget-text-editor\" data-id=\"7fddb79a\" data-element_type=\"widget\" data-e-type=\"widget\" data-widget_type=\"text-editor.default\">\n\t\t\t\t<div class=\"elementor-widget-container\">\n\t\t\t\t\t\t\t\t\t<ol start=\"13\"><li><h3 data-pm-slice=\"1 1 []\">Beratung &amp; Workshops: Zukunft gestalten, heute handeln<\/h3><p>In einer Welt, in der digitale Transformation nicht nur ein Schlagwort, sondern entscheidend f\u00fcr den Unternehmenserfolg ist, begleiten wir Sie als Partner auf Ihrer Reise in die Zukunft. Unsere Workshops und Beratungsleistungen helfen Ihnen dabei, komplexe Herausforderungen zu meistern und Ihre digitalen Potenziale voll auszusch\u00f6pfen.<\/p><p>Unsere Arbeit ist dabei nicht einfach eine Dienstleistung, sondern eine Mission: Wir glauben an die Kraft von innovativen Technologien und wie sie das Gesch\u00e4ftsumfeld transformieren k\u00f6nnen. Egal, ob es um die Optimierung Ihres Online-Auftritts, die Einf\u00fchrung smarter E-Commerce-L\u00f6sungen oder um die Steigerung Ihrer Kundenbindung durch personalisierte Erlebnisse geht \u2013 wir setzen auf praxisnahe L\u00f6sungen, die Ihre Marke st\u00e4rken.<\/p><p>Unsere Workshops sind interaktiv, konkret und auf Ihr Unternehmen zugeschnitten. Sie sind mehr als nur Theorie \u2013 sie sind der Anfang einer neuen Denkweise. Gemeinsam beleuchten wir Ihre individuellen Herausforderungen und schaffen L\u00f6sungsans\u00e4tze, die nicht nur Ihre Effizienz steigern, sondern auch Ihre Wettbewerbsf\u00e4higkeit langfristig sichern. Wir wollen, dass Ihre digitale Strategie nicht nur funktioniert, sondern begeistert \u2013 und das sp\u00fcren auch Ihre Kunden.<\/p><h3>Warum mit uns?<\/h3><ul data-spread=\"false\"><li><p><strong>Tiefgehende Expertise<\/strong>: Mit langj\u00e4hriger Erfahrung in den Bereichen Webentwicklung, E-Commerce und digitale Transformation sind wir der perfekte Partner f\u00fcr Ihr Projekt.<\/p><\/li><li><p><strong>Kundenzentrierte L\u00f6sungen<\/strong>: Wir setzen auf L\u00f6sungen, die f\u00fcr Ihre Zielgruppe relevante Mehrwerte schaffen und f\u00fcr Sie messbare Ergebnisse liefern.<\/p><\/li><li><p><strong>Interaktive Workshops<\/strong>: Keine vorgesetzten L\u00f6sungen, sondern mit Ihnen erarbeitete, praxisnahe Konzepte.<\/p><\/li><\/ul><p>Lassen Sie uns gemeinsam eine Zukunft gestalten, in der Ihre digitale Pr\u00e4senz mehr als nur ein Aush\u00e4ngeschild ist \u2013 sie wird zur treibenden Kraft hinter Ihrem Erfolg.<\/p><\/li><\/ol>\t\t\t\t\t\t\t\t<\/div>\n\t\t\t\t<\/div>\n\t\t\t\t\t<\/div>\n\t\t<\/div>\n\t\t\t\t<div class=\"elementor-column elementor-col-33 elementor-top-column elementor-element elementor-element-274ba9e2\" data-id=\"274ba9e2\" data-element_type=\"column\" data-e-type=\"column\">\n\t\t\t<div class=\"elementor-widget-wrap elementor-element-populated\">\n\t\t\t\t\t\t<div class=\"elementor-element elementor-element-73637b20 elementor-widget elementor-widget-image\" data-id=\"73637b20\" data-element_type=\"widget\" data-e-type=\"widget\" data-widget_type=\"image.default\">\n\t\t\t\t<div class=\"elementor-widget-container\">\n\t\t\t\t\t\t\t\t\t\t\t\t\t\t\t<img decoding=\"async\" src=\"https:\/\/n20.nestec.de\/wp-content\/uploads\/2024\/10\/y6.jpg\" title=\"\" alt=\"\" loading=\"lazy\" \/>\t\t\t\t\t\t\t\t\t\t\t\t\t\t\t<\/div>\n\t\t\t\t<\/div>\n\t\t\t\t<div class=\"elementor-element elementor-element-c23bd4b elementor-widget elementor-widget-image\" data-id=\"c23bd4b\" data-element_type=\"widget\" data-e-type=\"widget\" data-widget_type=\"image.default\">\n\t\t\t\t<div class=\"elementor-widget-container\">\n\t\t\t\t\t\t\t\t\t\t\t\t\t\t\t<img fetchpriority=\"high\" decoding=\"async\" width=\"1000\" height=\"1250\" src=\"https:\/\/n20.nestec.de\/wp-content\/uploads\/2024\/10\/Schluesseloch_Auge_grau.webp\" class=\"attachment-full size-full wp-image-1478\" alt=\"\" srcset=\"https:\/\/n20.nestec.de\/wp-content\/uploads\/2024\/10\/Schluesseloch_Auge_grau.webp 1000w, https:\/\/n20.nestec.de\/wp-content\/uploads\/2024\/10\/Schluesseloch_Auge_grau-240x300.webp 240w, https:\/\/n20.nestec.de\/wp-content\/uploads\/2024\/10\/Schluesseloch_Auge_grau-819x1024.webp 819w, https:\/\/n20.nestec.de\/wp-content\/uploads\/2024\/10\/Schluesseloch_Auge_grau-768x960.webp 768w\" sizes=\"(max-width: 1000px) 100vw, 1000px\" \/>\t\t\t\t\t\t\t\t\t\t\t\t\t\t\t<\/div>\n\t\t\t\t<\/div>\n\t\t\t\t\t<\/div>\n\t\t<\/div>\n\t\t\t\t\t<\/div>\n\t\t<\/section>\n\t\t\t\t<section class=\"elementor-section elementor-top-section elementor-element elementor-element-5f9793c8 elementor-section-content-middle elementor-section-stretched elementor-section-boxed elementor-section-height-default elementor-section-height-default\" data-id=\"5f9793c8\" data-element_type=\"section\" data-e-type=\"section\" data-settings=\"{&quot;background_background&quot;:&quot;classic&quot;,&quot;stretch_section&quot;:&quot;section-stretched&quot;}\">\n\t\t\t\t\t\t<div class=\"elementor-container elementor-column-gap-no\">\n\t\t\t\t\t<div class=\"elementor-column elementor-col-100 elementor-top-column elementor-element elementor-element-e6db04c\" data-id=\"e6db04c\" data-element_type=\"column\" data-e-type=\"column\">\n\t\t\t<div class=\"elementor-widget-wrap elementor-element-populated\">\n\t\t\t\t\t\t<div class=\"elementor-element elementor-element-36c55bca elementor-widget elementor-widget-testimonial\" data-id=\"36c55bca\" data-element_type=\"widget\" data-e-type=\"widget\" data-widget_type=\"testimonial.default\">\n\t\t\t\t<div class=\"elementor-widget-container\">\n\t\t\t\t\t\t\t<div class=\"elementor-testimonial-wrapper\">\n\t\t\t\t\t\t\t<div class=\"elementor-testimonial-content\">\" I\u2019m very picky with whom I give my energy to. I prefer to reserve my time, intensity and spirit exclusively to those who reflect sincerity.  \"<\/div>\n\t\t\t\n\t\t\t\t\t\t<div class=\"elementor-testimonial-meta elementor-has-image elementor-testimonial-image-position-aside\">\n\t\t\t\t<div class=\"elementor-testimonial-meta-inner\">\n\t\t\t\t\t\t\t\t\t\t\t<div class=\"elementor-testimonial-image\">\n\t\t\t\t\t\t\t<img decoding=\"async\" width=\"400\" height=\"400\" src=\"https:\/\/n20.nestec.de\/wp-content\/uploads\/2024\/10\/7IDNrh0l_400x400.webp\" class=\"attachment-full size-full wp-image-896\" alt=\"\" srcset=\"https:\/\/n20.nestec.de\/wp-content\/uploads\/2024\/10\/7IDNrh0l_400x400.webp 400w, https:\/\/n20.nestec.de\/wp-content\/uploads\/2024\/10\/7IDNrh0l_400x400-300x300.webp 300w, https:\/\/n20.nestec.de\/wp-content\/uploads\/2024\/10\/7IDNrh0l_400x400-150x150.webp 150w\" sizes=\"(max-width: 400px) 100vw, 400px\" \/>\t\t\t\t\t\t<\/div>\n\t\t\t\t\t\n\t\t\t\t\t\t\t\t\t\t<div class=\"elementor-testimonial-details\">\n\t\t\t\t\t\t\t\t\t\t\t\t\t\t<div class=\"elementor-testimonial-name\">Stefan Mironczyk<\/div>\n\t\t\t\t\t\t\t\t\t\t\t\t\t\t\t\t\t\t\t\t\t\t<div class=\"elementor-testimonial-job\">UI \/ UX Designer<\/div>\n\t\t\t\t\t\t\t\t\t\t\t\t\t<\/div>\n\t\t\t\t\t\t\t\t\t<\/div>\n\t\t\t<\/div>\n\t\t\t\t\t<\/div>\n\t\t\t\t\t\t<\/div>\n\t\t\t\t<\/div>\n\t\t\t\t\t<\/div>\n\t\t<\/div>\n\t\t\t\t\t<\/div>\n\t\t<\/section>\n\t\t\t\t<\/div>\n\t\t","protected":false},"excerpt":{"rendered":"<p>Workshop Beratung Beratung &amp; Workshops: Zukunft gestalten, heute handeln In einer Welt, in der digitale Transformation nicht nur ein Schlagwort, sondern entscheidend f\u00fcr den Unternehmenserfolg ist, begleiten wir Sie als Partner auf Ihrer Reise in die Zukunft. Unsere Workshops und Beratungsleistungen helfen Ihnen dabei, komplexe Herausforderungen zu meistern und Ihre digitalen Potenziale voll auszusch\u00f6pfen. Unsere [&hellip;]<\/p>\n","protected":false},"author":1,"featured_media":0,"parent":0,"menu_order":0,"comment_status":"closed","ping_status":"closed","template":"","meta":{"footnotes":""},"class_list":["post-846","page","type-page","status-publish","hentry"],"yoast_head":"<!-- This site is optimized with the Yoast SEO plugin v23.7 - https:\/\/yoast.com\/wordpress\/plugins\/seo\/ -->\n<title>Beratung und Workshops \u2013 Webentwicklung &amp; Marketing in Niederbayern (Deggendorf, Landshut, Straubing)<\/title>\n<meta name=\"description\" content=\"Ma\u00dfgeschneiderte Beratung &amp; Workshops f\u00fcr Webentwicklung und Marketing in Niederbayern \u2013 praxisnah und individuell f\u00fcr Deggendorf, Landshut &amp; Straubing.\" \/>\n<meta name=\"robots\" content=\"index, follow, max-snippet:-1, max-image-preview:large, max-video-preview:-1\" \/>\n<link rel=\"canonical\" href=\"https:\/\/n20.nestec.de\/?page_id=846\" \/>\n<meta property=\"og:locale\" content=\"de_DE\" \/>\n<meta property=\"og:type\" content=\"article\" \/>\n<meta property=\"og:title\" content=\"Beratung und Workshops \u2013 Webentwicklung &amp; Marketing in Niederbayern (Deggendorf, Landshut, Straubing)\" \/>\n<meta property=\"og:description\" content=\"Ma\u00dfgeschneiderte Beratung &amp; Workshops f\u00fcr Webentwicklung und Marketing in Niederbayern \u2013 praxisnah und individuell f\u00fcr Deggendorf, Landshut &amp; Straubing.\" \/>\n<meta property=\"og:url\" content=\"https:\/\/n20.nestec.de\/?page_id=846\" \/>\n<meta property=\"og:site_name\" content=\"Internetagentur, Webentwicklung, Online-Marketing, E-Commerce\" \/>\n<meta property=\"article:modified_time\" content=\"2025-11-01T14:39:37+00:00\" \/>\n<meta property=\"og:image\" content=\"https:\/\/n20.nestec.de\/wp-content\/uploads\/2024\/10\/y6.jpg\" \/>\n<meta name=\"twitter:card\" content=\"summary_large_image\" \/>\n<meta name=\"twitter:label1\" content=\"Gesch\u00e4tzte Lesezeit\" \/>\n\t<meta name=\"twitter:data1\" content=\"3\u00a0Minuten\" \/>\n<script type=\"application\/ld+json\" class=\"yoast-schema-graph\">{\"@context\":\"https:\/\/schema.org\",\"@graph\":[{\"@type\":\"WebPage\",\"@id\":\"https:\/\/n20.nestec.de\/?page_id=846\",\"url\":\"https:\/\/n20.nestec.de\/?page_id=846\",\"name\":\"Beratung und Workshops \u2013 Webentwicklung & Marketing in Niederbayern (Deggendorf, Landshut, Straubing)\",\"isPartOf\":{\"@id\":\"https:\/\/n20.nestec.de\/#website\"},\"primaryImageOfPage\":{\"@id\":\"https:\/\/n20.nestec.de\/?page_id=846#primaryimage\"},\"image\":{\"@id\":\"https:\/\/n20.nestec.de\/?page_id=846#primaryimage\"},\"thumbnailUrl\":\"https:\/\/n20.nestec.de\/wp-content\/uploads\/2024\/10\/y6.jpg\",\"datePublished\":\"2024-10-04T03:08:14+00:00\",\"dateModified\":\"2025-11-01T14:39:37+00:00\",\"description\":\"Ma\u00dfgeschneiderte Beratung & Workshops f\u00fcr Webentwicklung und Marketing in Niederbayern \u2013 praxisnah und individuell f\u00fcr Deggendorf, Landshut & Straubing.\",\"breadcrumb\":{\"@id\":\"https:\/\/n20.nestec.de\/?page_id=846#breadcrumb\"},\"inLanguage\":\"de\",\"potentialAction\":[{\"@type\":\"ReadAction\",\"target\":[\"https:\/\/n20.nestec.de\/?page_id=846\"]}]},{\"@type\":\"ImageObject\",\"inLanguage\":\"de\",\"@id\":\"https:\/\/n20.nestec.de\/?page_id=846#primaryimage\",\"url\":\"https:\/\/n20.nestec.de\/wp-content\/uploads\/2024\/10\/y6.jpg\",\"contentUrl\":\"https:\/\/n20.nestec.de\/wp-content\/uploads\/2024\/10\/y6.jpg\"},{\"@type\":\"BreadcrumbList\",\"@id\":\"https:\/\/n20.nestec.de\/?page_id=846#breadcrumb\",\"itemListElement\":[{\"@type\":\"ListItem\",\"position\":1,\"name\":\"Startseite\",\"item\":\"https:\/\/n20.nestec.de\/\"},{\"@type\":\"ListItem\",\"position\":2,\"name\":\"Beratung Workshop\"}]},{\"@type\":\"WebSite\",\"@id\":\"https:\/\/n20.nestec.de\/#website\",\"url\":\"https:\/\/n20.nestec.de\/\",\"name\":\"Internetagentur, Webentwicklung, Online-Marketing, E-Commerce\",\"description\":\"\",\"publisher\":{\"@id\":\"https:\/\/n20.nestec.de\/#organization\"},\"potentialAction\":[{\"@type\":\"SearchAction\",\"target\":{\"@type\":\"EntryPoint\",\"urlTemplate\":\"https:\/\/n20.nestec.de\/?s={search_term_string}\"},\"query-input\":{\"@type\":\"PropertyValueSpecification\",\"valueRequired\":true,\"valueName\":\"search_term_string\"}}],\"inLanguage\":\"de\"},{\"@type\":\"Organization\",\"@id\":\"https:\/\/n20.nestec.de\/#organization\",\"name\":\"Internetagentur, Webentwicklung, Online-Marketing, E-Commerce\",\"url\":\"https:\/\/n20.nestec.de\/\",\"logo\":{\"@type\":\"ImageObject\",\"inLanguage\":\"de\",\"@id\":\"https:\/\/n20.nestec.de\/#\/schema\/logo\/image\/\",\"url\":\"https:\/\/n20.nestec.de\/wp-content\/uploads\/2020\/11\/cropped-Logo-Internetagentur-Nestec-n-1.png\",\"contentUrl\":\"https:\/\/n20.nestec.de\/wp-content\/uploads\/2020\/11\/cropped-Logo-Internetagentur-Nestec-n-1.png\",\"width\":1134,\"height\":850,\"caption\":\"Internetagentur, Webentwicklung, Online-Marketing, E-Commerce\"},\"image\":{\"@id\":\"https:\/\/n20.nestec.de\/#\/schema\/logo\/image\/\"}}]}<\/script>\n<!-- \/ Yoast SEO plugin. -->","yoast_head_json":{"title":"Beratung und Workshops \u2013 Webentwicklung & Marketing in Niederbayern (Deggendorf, Landshut, Straubing)","description":"Ma\u00dfgeschneiderte Beratung & Workshops f\u00fcr Webentwicklung und Marketing in Niederbayern \u2013 praxisnah und individuell f\u00fcr Deggendorf, Landshut & Straubing.","robots":{"index":"index","follow":"follow","max-snippet":"max-snippet:-1","max-image-preview":"max-image-preview:large","max-video-preview":"max-video-preview:-1"},"canonical":"https:\/\/n20.nestec.de\/?page_id=846","og_locale":"de_DE","og_type":"article","og_title":"Beratung und Workshops \u2013 Webentwicklung & Marketing in Niederbayern (Deggendorf, Landshut, Straubing)","og_description":"Ma\u00dfgeschneiderte Beratung & Workshops f\u00fcr Webentwicklung und Marketing in Niederbayern \u2013 praxisnah und individuell f\u00fcr Deggendorf, Landshut & Straubing.","og_url":"https:\/\/n20.nestec.de\/?page_id=846","og_site_name":"Internetagentur, Webentwicklung, Online-Marketing, E-Commerce","article_modified_time":"2025-11-01T14:39:37+00:00","og_image":[{"url":"https:\/\/n20.nestec.de\/wp-content\/uploads\/2024\/10\/y6.jpg"}],"twitter_card":"summary_large_image","twitter_misc":{"Gesch\u00e4tzte Lesezeit":"3\u00a0Minuten"},"schema":{"@context":"https:\/\/schema.org","@graph":[{"@type":"WebPage","@id":"https:\/\/n20.nestec.de\/?page_id=846","url":"https:\/\/n20.nestec.de\/?page_id=846","name":"Beratung und Workshops \u2013 Webentwicklung & Marketing in Niederbayern (Deggendorf, Landshut, Straubing)","isPartOf":{"@id":"https:\/\/n20.nestec.de\/#website"},"primaryImageOfPage":{"@id":"https:\/\/n20.nestec.de\/?page_id=846#primaryimage"},"image":{"@id":"https:\/\/n20.nestec.de\/?page_id=846#primaryimage"},"thumbnailUrl":"https:\/\/n20.nestec.de\/wp-content\/uploads\/2024\/10\/y6.jpg","datePublished":"2024-10-04T03:08:14+00:00","dateModified":"2025-11-01T14:39:37+00:00","description":"Ma\u00dfgeschneiderte Beratung & Workshops f\u00fcr Webentwicklung und Marketing in Niederbayern \u2013 praxisnah und individuell f\u00fcr Deggendorf, Landshut & Straubing.","breadcrumb":{"@id":"https:\/\/n20.nestec.de\/?page_id=846#breadcrumb"},"inLanguage":"de","potentialAction":[{"@type":"ReadAction","target":["https:\/\/n20.nestec.de\/?page_id=846"]}]},{"@type":"ImageObject","inLanguage":"de","@id":"https:\/\/n20.nestec.de\/?page_id=846#primaryimage","url":"https:\/\/n20.nestec.de\/wp-content\/uploads\/2024\/10\/y6.jpg","contentUrl":"https:\/\/n20.nestec.de\/wp-content\/uploads\/2024\/10\/y6.jpg"},{"@type":"BreadcrumbList","@id":"https:\/\/n20.nestec.de\/?page_id=846#breadcrumb","itemListElement":[{"@type":"ListItem","position":1,"name":"Startseite","item":"https:\/\/n20.nestec.de\/"},{"@type":"ListItem","position":2,"name":"Beratung Workshop"}]},{"@type":"WebSite","@id":"https:\/\/n20.nestec.de\/#website","url":"https:\/\/n20.nestec.de\/","name":"Internetagentur, Webentwicklung, Online-Marketing, E-Commerce","description":"","publisher":{"@id":"https:\/\/n20.nestec.de\/#organization"},"potentialAction":[{"@type":"SearchAction","target":{"@type":"EntryPoint","urlTemplate":"https:\/\/n20.nestec.de\/?s={search_term_string}"},"query-input":{"@type":"PropertyValueSpecification","valueRequired":true,"valueName":"search_term_string"}}],"inLanguage":"de"},{"@type":"Organization","@id":"https:\/\/n20.nestec.de\/#organization","name":"Internetagentur, Webentwicklung, Online-Marketing, E-Commerce","url":"https:\/\/n20.nestec.de\/","logo":{"@type":"ImageObject","inLanguage":"de","@id":"https:\/\/n20.nestec.de\/#\/schema\/logo\/image\/","url":"https:\/\/n20.nestec.de\/wp-content\/uploads\/2020\/11\/cropped-Logo-Internetagentur-Nestec-n-1.png","contentUrl":"https:\/\/n20.nestec.de\/wp-content\/uploads\/2020\/11\/cropped-Logo-Internetagentur-Nestec-n-1.png","width":1134,"height":850,"caption":"Internetagentur, Webentwicklung, Online-Marketing, E-Commerce"},"image":{"@id":"https:\/\/n20.nestec.de\/#\/schema\/logo\/image\/"}}]}},"_links":{"self":[{"href":"https:\/\/n20.nestec.de\/index.php?rest_route=\/wp\/v2\/pages\/846"}],"collection":[{"href":"https:\/\/n20.nestec.de\/index.php?rest_route=\/wp\/v2\/pages"}],"about":[{"href":"https:\/\/n20.nestec.de\/index.php?rest_route=\/wp\/v2\/types\/page"}],"author":[{"embeddable":true,"href":"https:\/\/n20.nestec.de\/index.php?rest_route=\/wp\/v2\/users\/1"}],"replies":[{"embeddable":true,"href":"https:\/\/n20.nestec.de\/index.php?rest_route=%2Fwp%2Fv2%2Fcomments&post=846"}],"version-history":[{"count":63,"href":"https:\/\/n20.nestec.de\/index.php?rest_route=\/wp\/v2\/pages\/846\/revisions"}],"predecessor-version":[{"id":1488,"href":"https:\/\/n20.nestec.de\/index.php?rest_route=\/wp\/v2\/pages\/846\/revisions\/1488"}],"wp:attachment":[{"href":"https:\/\/n20.nestec.de\/index.php?rest_route=%2Fwp%2Fv2%2Fmedia&parent=846"}],"curies":[{"name":"wp","href":"https:\/\/api.w.org\/{rel}","templated":true}]}}